{"id":2037,"date":"2025-09-23T19:29:05","date_gmt":"2025-09-23T19:29:05","guid":{"rendered":"https:\/\/luneadesign.com\/?post_type=product&#038;p=2037"},"modified":"2025-11-03T20:24:55","modified_gmt":"2025-11-03T20:24:55","slug":"white-sensation","status":"publish","type":"product","link":"https:\/\/luneadesign.com\/?product=white-sensation","title":{"rendered":"Sweet Elegance"},"content":{"rendered":"","protected":false},"excerpt":{"rendered":"<p>Jednostavna, ali izuzetno elegantna, ova pozivnica svojom minimalisti\u010dkom estetikom nagla\u0161ava \u010distu ljepotu bez suvi\u0161nih elemenata. Savr\u0161ena je za parove koji vole suvremen, profinjen stil.<\/p>\n","protected":false},"featured_media":3809,"comment_status":"closed","ping_status":"closed","template":"elementor_header_footer","meta":{"_eb_attr":"","site-sidebar-layout":"no-sidebar","site-content-layout":"","ast-site-content-layout":"full-width-container","site-content-style":"default","site-sidebar-style":"default","ast-global-header-display":"","ast-banner-title-visibility":"","ast-main-header-display":"","ast-hfb-above-header-display":"","ast-hfb-below-header-display":"","ast-hfb-mobile-header-display":"","site-post-title":"","ast-breadcrumbs-content":"","ast-featured-img":"disabled","footer-sml-layout":"","theme-transparent-header-meta":"disabled","adv-header-id-meta":"","stick-header-meta":"","header-above-stick-meta":"","header-main-stick-meta":"","header-below-stick-meta":"","astra-migrate-meta-layouts":"set","ast-page-background-enabled":"default","ast-page-background-meta":{"desktop":{"background-color":"var(--ast-global-color-5)","background-image":"","background-repeat":"repeat","background-position":"center center","background-size":"auto","background-attachment":"scroll","background-type":"","background-media":"","overlay-type":"","overlay-color":"","overlay-opacity":"","overlay-gradient":""},"tablet":{"background-color":"","background-image":"","background-repeat":"repeat","background-position":"center center","background-size":"auto","background-attachment":"scroll","background-type":"","background-media":"","overlay-type":"","overlay-color":"","overlay-opacity":"","overlay-gradient":""},"mobile":{"background-color":"","background-image":"","background-repeat":"repeat","background-position":"center center","background-size":"auto","background-attachment":"scroll","background-type":"","background-media":"","overlay-type":"","overlay-color":"","overlay-opacity":"","overlay-gradient":""}},"ast-content-background-meta":{"desktop":{"background-color":"var(--ast-global-color-4)","background-image":"","background-repeat":"repeat","background-position":"center center","background-size":"auto","background-attachment":"scroll","background-type":"","background-media":"","overlay-type":"","overlay-color":"","overlay-opacity":"","overlay-gradient":""},"tablet":{"background-color":"var(--ast-global-color-4)","background-image":"","background-repeat":"repeat","background-position":"center center","background-size":"auto","background-attachment":"scroll","background-type":"","background-media":"","overlay-type":"","overlay-color":"","overlay-opacity":"","overlay-gradient":""},"mobile":{"background-color":"var(--ast-global-color-4)","background-image":"","background-repeat":"repeat","background-position":"center center","background-size":"auto","background-attachment":"scroll","background-type":"","background-media":"","overlay-type":"","overlay-color":"","overlay-opacity":"","overlay-gradient":""}},"_price":"60","_stock":"","_tribe_ticket_header":"","_tribe_default_ticket_provider":"","_tribe_ticket_capacity":"0","_ticket_start_date":"","_ticket_end_date":"","_tribe_ticket_show_description":"","_tribe_ticket_show_not_going":false,"_tribe_ticket_use_global_stock":"","_tribe_ticket_global_stock_level":"","_global_stock_mode":"","_global_stock_cap":"","_tribe_rsvp_for_event":"","_tribe_ticket_going_count":"","_tribe_ticket_not_going_count":"","_tribe_tickets_list":"[]","_tribe_ticket_has_attendee_info_fields":false},"product_brand":[],"product_cat":[31],"product_tag":[],"class_list":{"0":"post-2037","1":"product","2":"type-product","3":"status-publish","4":"has-post-thumbnail","6":"product_cat-standard","7":"desktop-align-left","8":"tablet-align-left","9":"mobile-align-left","11":"first","12":"instock","13":"virtual","14":"sold-individually","15":"purchasable","16":"product-type-simple"},"aioseo_notices":[],"_links":{"self":[{"href":"https:\/\/luneadesign.com\/index.php?rest_route=\/wp\/v2\/product\/2037","targetHints":{"allow":["GET"]}}],"collection":[{"href":"https:\/\/luneadesign.com\/index.php?rest_route=\/wp\/v2\/product"}],"about":[{"href":"https:\/\/luneadesign.com\/index.php?rest_route=\/wp\/v2\/types\/product"}],"replies":[{"embeddable":true,"href":"https:\/\/luneadesign.com\/index.php?rest_route=%2Fwp%2Fv2%2Fcomments&post=2037"}],"version-history":[{"count":9,"href":"https:\/\/luneadesign.com\/index.php?rest_route=\/wp\/v2\/product\/2037\/revisions"}],"predecessor-version":[{"id":3811,"href":"https:\/\/luneadesign.com\/index.php?rest_route=\/wp\/v2\/product\/2037\/revisions\/3811"}],"wp:featuredmedia":[{"embeddable":true,"href":"https:\/\/luneadesign.com\/index.php?rest_route=\/wp\/v2\/media\/3809"}],"wp:attachment":[{"href":"https:\/\/luneadesign.com\/index.php?rest_route=%2Fwp%2Fv2%2Fmedia&parent=2037"}],"wp:term":[{"taxonomy":"product_brand","embeddable":true,"href":"https:\/\/luneadesign.com\/index.php?rest_route=%2Fwp%2Fv2%2Fproduct_brand&post=2037"},{"taxonomy":"product_cat","embeddable":true,"href":"https:\/\/luneadesign.com\/index.php?rest_route=%2Fwp%2Fv2%2Fproduct_cat&post=2037"},{"taxonomy":"product_tag","embeddable":true,"href":"https:\/\/luneadesign.com\/index.php?rest_route=%2Fwp%2Fv2%2Fproduct_tag&post=2037"}],"curies":[{"name":"wp","href":"https:\/\/api.w.org\/{rel}","templated":true}]}}