{"id":2036,"date":"2025-09-23T19:02:21","date_gmt":"2025-09-23T19:02:21","guid":{"rendered":"https:\/\/luneadesign.com\/?post_type=product&#038;p=2036"},"modified":"2025-11-03T20:25:26","modified_gmt":"2025-11-03T20:25:26","slug":"golden","status":"publish","type":"product","link":"https:\/\/luneadesign.com\/?product=golden","title":{"rendered":"Golden"},"content":{"rendered":"<p>Na\u0161a digitalna pozivnica savr\u0161ena je kombinacija elegancije i modernog pristupa. Dizajnirana s posebnom pa\u017enjom prema detaljima, pru\u017ea jedinstven i personaliziran na\u010din da svojim gostima uputite poziv na va\u0161 najposebniji dan.<\/p>\n<p>Pozivnicu mo\u017eete jednostavno podijeliti putem linka, e-maila ili dru\u0161tvenih mre\u017ea \u2014 bez papira, ali s puno stila i emocije.<\/p>\n<p>Sadr\u017ei sve va\u017ene informacije o va\u0161em doga\u0111aju: datum, vrijeme, lokaciju, raspored i posebne napomene, a uklju\u010duje i RSVP opciju.<\/p>\n<p>\u0160to je RSVP?<br \/>\nRSVP funkcija omogu\u0107uje va\u0161im gostima da brzo i jednostavno potvrde svoj dolazak putem obrasca unutar pozivnice. Zahvaljuju\u0107i tome, imat \u0107ete savr\u0161en pregled o broju gostiju koji s vama dijele va\u0161 poseban trenutak.<\/p>\n<p>Uz digitalnu pozivnicu, va\u0161 poziv postaje nezaboravan, elegantan i potpuno u skladu s vremenom \u2014 ba\u0161 kao i va\u0161a ljubavna pri\u010da.<\/p>\n","protected":false},"excerpt":{"rendered":"<p>Ova pozivnica odi\u0161e sofisticirano\u0161\u0107u i luksuzom, spajaju\u0107i zlatne detalje s klasi\u010dnom bijelom i crnom paletom. Idealna je za moderno, sve\u010dano vjen\u010danje s da\u0161kom glamura i profinjenosti.<\/p>\n","protected":false},"featured_media":3808,"comment_status":"closed","ping_status":"closed","template":"elementor_header_footer","meta":{"_eb_attr":"","site-sidebar-layout":"default","site-content-layout":"","ast-site-content-layout":"default","site-content-style":"default","site-sidebar-style":"default","ast-global-header-display":"","ast-banner-title-visibility":"","ast-main-header-display":"","ast-hfb-above-header-display":"","ast-hfb-below-header-display":"","ast-hfb-mobile-header-display":"","site-post-title":"","ast-breadcrumbs-content":"","ast-featured-img":"","footer-sml-layout":"","theme-transparent-header-meta":"default","adv-header-id-meta":"","stick-header-meta":"","header-above-stick-meta":"","header-main-stick-meta":"","header-below-stick-meta":"","astra-migrate-meta-layouts":"set","ast-page-background-enabled":"default","ast-page-background-meta":{"desktop":{"background-color":"var(--ast-global-color-5)","background-image":"","background-repeat":"repeat","background-position":"center center","background-size":"auto","background-attachment":"scroll","background-type":"","background-media":"","overlay-type":"","overlay-color":"","overlay-opacity":"","overlay-gradient":""},"tablet":{"background-color":"","background-image":"","background-repeat":"repeat","background-position":"center center","background-size":"auto","background-attachment":"scroll","background-type":"","background-media":"","overlay-type":"","overlay-color":"","overlay-opacity":"","overlay-gradient":""},"mobile":{"background-color":"","background-image":"","background-repeat":"repeat","background-position":"center center","background-size":"auto","background-attachment":"scroll","background-type":"","background-media":"","overlay-type":"","overlay-color":"","overlay-opacity":"","overlay-gradient":""}},"ast-content-background-meta":{"desktop":{"background-color":"var(--ast-global-color-4)","background-image":"","background-repeat":"repeat","background-position":"center center","background-size":"auto","background-attachment":"scroll","background-type":"","background-media":"","overlay-type":"","overlay-color":"","overlay-opacity":"","overlay-gradient":""},"tablet":{"background-color":"var(--ast-global-color-4)","background-image":"","background-repeat":"repeat","background-position":"center center","background-size":"auto","background-attachment":"scroll","background-type":"","background-media":"","overlay-type":"","overlay-color":"","overlay-opacity":"","overlay-gradient":""},"mobile":{"background-color":"var(--ast-global-color-4)","background-image":"","background-repeat":"repeat","background-position":"center center","background-size":"auto","background-attachment":"scroll","background-type":"","background-media":"","overlay-type":"","overlay-color":"","overlay-opacity":"","overlay-gradient":""}},"_price":"60","_stock":"","_tribe_ticket_header":"","_tribe_default_ticket_provider":"","_tribe_ticket_capacity":"0","_ticket_start_date":"","_ticket_end_date":"","_tribe_ticket_show_description":"","_tribe_ticket_show_not_going":false,"_tribe_ticket_use_global_stock":"","_tribe_ticket_global_stock_level":"","_global_stock_mode":"","_global_stock_cap":"","_tribe_rsvp_for_event":"","_tribe_ticket_going_count":"","_tribe_ticket_not_going_count":"","_tribe_tickets_list":"[]","_tribe_ticket_has_attendee_info_fields":false},"product_brand":[],"product_cat":[31],"product_tag":[],"class_list":{"0":"post-2036","1":"product","2":"type-product","3":"status-publish","4":"has-post-thumbnail","6":"product_cat-standard","7":"desktop-align-left","8":"tablet-align-left","9":"mobile-align-left","11":"first","12":"instock","13":"virtual","14":"sold-individually","15":"purchasable","16":"product-type-simple"},"aioseo_notices":[],"_links":{"self":[{"href":"https:\/\/luneadesign.com\/index.php?rest_route=\/wp\/v2\/product\/2036","targetHints":{"allow":["GET"]}}],"collection":[{"href":"https:\/\/luneadesign.com\/index.php?rest_route=\/wp\/v2\/product"}],"about":[{"href":"https:\/\/luneadesign.com\/index.php?rest_route=\/wp\/v2\/types\/product"}],"replies":[{"embeddable":true,"href":"https:\/\/luneadesign.com\/index.php?rest_route=%2Fwp%2Fv2%2Fcomments&post=2036"}],"version-history":[{"count":2,"href":"https:\/\/luneadesign.com\/index.php?rest_route=\/wp\/v2\/product\/2036\/revisions"}],"predecessor-version":[{"id":2895,"href":"https:\/\/luneadesign.com\/index.php?rest_route=\/wp\/v2\/product\/2036\/revisions\/2895"}],"wp:featuredmedia":[{"embeddable":true,"href":"https:\/\/luneadesign.com\/index.php?rest_route=\/wp\/v2\/media\/3808"}],"wp:attachment":[{"href":"https:\/\/luneadesign.com\/index.php?rest_route=%2Fwp%2Fv2%2Fmedia&parent=2036"}],"wp:term":[{"taxonomy":"product_brand","embeddable":true,"href":"https:\/\/luneadesign.com\/index.php?rest_route=%2Fwp%2Fv2%2Fproduct_brand&post=2036"},{"taxonomy":"product_cat","embeddable":true,"href":"https:\/\/luneadesign.com\/index.php?rest_route=%2Fwp%2Fv2%2Fproduct_cat&post=2036"},{"taxonomy":"product_tag","embeddable":true,"href":"https:\/\/luneadesign.com\/index.php?rest_route=%2Fwp%2Fv2%2Fproduct_tag&post=2036"}],"curies":[{"name":"wp","href":"https:\/\/api.w.org\/{rel}","templated":true}]}}